{"id":41,"date":"2018-04-07T23:37:46","date_gmt":"2018-04-07T21:37:46","guid":{"rendered":"http:\/\/bed-and-breakfast-freiberg.de\/?page_id=41"},"modified":"2022-06-15T11:32:42","modified_gmt":"2022-06-15T09:32:42","slug":"uebernachten","status":"publish","type":"page","link":"http:\/\/bed-and-breakfast-freiberg.de\/?page_id=41","title":{"rendered":"\u00dcbernachten"},"content":{"rendered":"\t\t<div data-elementor-type=\"wp-post\" data-elementor-id=\"41\" class=\"elementor elementor-41\">\n\t\t\t\t\t\t<div class=\"elementor-inner\">\n\t\t\t\t<div class=\"elementor-section-wrap\">\n\t\t\t\t\t\t\t\t\t<section class=\"elementor-section elementor-top-section elementor-element elementor-element-a84a875 elementor-section-boxed elementor-section-height-default elementor-section-height-default\" data-id=\"a84a875\" data-element_type=\"section\">\n\t\t\t\t\t\t<div class=\"elementor-container elementor-column-gap-default\">\n\t\t\t\t\t\t\t<div class=\"elementor-row\">\n\t\t\t\t\t<div class=\"elementor-column elementor-col-100 elementor-top-column elementor-element elementor-element-426e900\" data-id=\"426e900\" data-element_type=\"column\">\n\t\t\t<div class=\"elementor-column-wrap elementor-element-populated\">\n\t\t\t\t\t\t\t<div class=\"elementor-widget-wrap\">\n\t\t\t\t\t\t<div class=\"elementor-element elementor-element-706cf12 elementor-widget elementor-widget-image-carousel\" data-id=\"706cf12\" data-element_type=\"widget\" data-settings=\"{&quot;slides_to_show&quot;:&quot;1&quot;,&quot;navigation&quot;:&quot;none&quot;,&quot;autoplay&quot;:&quot;yes&quot;,&quot;pause_on_hover&quot;:&quot;yes&quot;,&quot;pause_on_interaction&quot;:&quot;yes&quot;,&quot;autoplay_speed&quot;:5000,&quot;infinite&quot;:&quot;yes&quot;,&quot;effect&quot;:&quot;slide&quot;,&quot;speed&quot;:500}\" data-widget_type=\"image-carousel.default\">\n\t\t\t\t<div class=\"elementor-widget-container\">\n\t\t\t\t\t<div class=\"elementor-image-carousel-wrapper swiper-container\" dir=\"ltr\">\n\t\t\t<div class=\"elementor-image-carousel swiper-wrapper\">\n\t\t\t\t\t\t\t\t<div class=\"swiper-slide\"><figure class=\"swiper-slide-inner\"><img class=\"swiper-slide-image\" src=\"http:\/\/bed-and-breakfast-freiberg.de\/wp-content\/uploads\/2018\/04\/Wohnen-900x200-1.png\" alt=\"Wohnen 900x200 - 1\" \/><\/figure><\/div><div class=\"swiper-slide\"><figure class=\"swiper-slide-inner\"><img class=\"swiper-slide-image\" src=\"http:\/\/bed-and-breakfast-freiberg.de\/wp-content\/uploads\/2018\/04\/Wohnen-900x200-4.png\" alt=\"Wohnen 900x200 - 4\" \/><\/figure><\/div><div class=\"swiper-slide\"><figure class=\"swiper-slide-inner\"><img class=\"swiper-slide-image\" src=\"http:\/\/bed-and-breakfast-freiberg.de\/wp-content\/uploads\/2018\/04\/Wohnen-900x200-2.png\" alt=\"Wohnen 900x200 - 2\" \/><\/figure><\/div>\t\t\t<\/div>\n\t\t\t\t\t\t\t\t\t\t\t\t\t\t\t\t<\/div>\n\t\t\t\t<\/div>\n\t\t\t\t<\/div>\n\t\t\t\t\t\t<\/div>\n\t\t\t\t\t<\/div>\n\t\t<\/div>\n\t\t\t\t\t\t\t\t<\/div>\n\t\t\t\t\t<\/div>\n\t\t<\/section>\n\t\t\t\t<section class=\"elementor-section elementor-top-section elementor-element elementor-element-bf64e23 elementor-section-boxed elementor-section-height-default elementor-section-height-default\" data-id=\"bf64e23\" data-element_type=\"section\">\n\t\t\t\t\t\t<div class=\"elementor-container elementor-column-gap-default\">\n\t\t\t\t\t\t\t<div class=\"elementor-row\">\n\t\t\t\t\t<div class=\"elementor-column elementor-col-100 elementor-top-column elementor-element elementor-element-55032b8\" data-id=\"55032b8\" data-element_type=\"column\">\n\t\t\t<div class=\"elementor-column-wrap elementor-element-populated\">\n\t\t\t\t\t\t\t<div class=\"elementor-widget-wrap\">\n\t\t\t\t\t\t<div class=\"elementor-element elementor-element-831fb82 elementor-widget elementor-widget-image-gallery\" data-id=\"831fb82\" data-element_type=\"widget\" data-widget_type=\"image-gallery.default\">\n\t\t\t\t<div class=\"elementor-widget-container\">\n\t\t\t\t\t<div class=\"elementor-image-gallery\">\n\t\t\t<div id='gallery-1' class='gallery galleryid-41 gallery-columns-10 gallery-size-thumbnail'><figure class='gallery-item'>\n\t\t\t<div class='gallery-icon landscape'>\n\t\t\t\t<a data-elementor-open-lightbox=\"yes\" data-elementor-lightbox-slideshow=\"831fb82\" data-elementor-lightbox-title=\"Icon-Twinbett-75\" e-action-hash=\"#elementor-action%3Aaction%3Dlightbox%26settings%3DeyJpZCI6MTM3LCJ1cmwiOiJodHRwOlwvXC9iZWQtYW5kLWJyZWFrZmFzdC1mcmVpYmVyZy5kZVwvd3AtY29udGVudFwvdXBsb2Fkc1wvMjAxOFwvMDRcL0ljb24tVHdpbmJldHQtNzUuanBnIiwic2xpZGVzaG93IjoiODMxZmI4MiJ9\" href='http:\/\/bed-and-breakfast-freiberg.de\/wp-content\/uploads\/2018\/04\/Icon-Twinbett-75.jpg'><img width=\"75\" height=\"75\" src=\"http:\/\/bed-and-breakfast-freiberg.de\/wp-content\/uploads\/2018\/04\/Icon-Twinbett-75.jpg\" class=\"attachment-thumbnail size-thumbnail\" alt=\"\" loading=\"lazy\" aria-describedby=\"gallery-1-137\" \/><\/a>\n\t\t\t<\/div>\n\t\t\t\t<figcaption class='wp-caption-text gallery-caption' id='gallery-1-137'>\n\t\t\t\tZweibettzimmer\n\t\t\t\t<\/figcaption><\/figure><figure class='gallery-item'>\n\t\t\t<div class='gallery-icon landscape'>\n\t\t\t\t<a data-elementor-open-lightbox=\"yes\" data-elementor-lightbox-slideshow=\"831fb82\" data-elementor-lightbox-title=\"Icon-Single-Room-75\" e-action-hash=\"#elementor-action%3Aaction%3Dlightbox%26settings%3DeyJpZCI6MTM1LCJ1cmwiOiJodHRwOlwvXC9iZWQtYW5kLWJyZWFrZmFzdC1mcmVpYmVyZy5kZVwvd3AtY29udGVudFwvdXBsb2Fkc1wvMjAxOFwvMDRcL0ljb24tU2luZ2xlLVJvb20tNzUuanBnIiwic2xpZGVzaG93IjoiODMxZmI4MiJ9\" href='http:\/\/bed-and-breakfast-freiberg.de\/wp-content\/uploads\/2018\/04\/Icon-Single-Room-75.jpg'><img width=\"75\" height=\"75\" src=\"http:\/\/bed-and-breakfast-freiberg.de\/wp-content\/uploads\/2018\/04\/Icon-Single-Room-75.jpg\" class=\"attachment-thumbnail size-thumbnail\" alt=\"\" loading=\"lazy\" aria-describedby=\"gallery-1-135\" \/><\/a>\n\t\t\t<\/div>\n\t\t\t\t<figcaption class='wp-caption-text gallery-caption' id='gallery-1-135'>\n\t\t\t\tEinzelzimmer\n\t\t\t\t<\/figcaption><\/figure><figure class='gallery-item'>\n\t\t\t<div class='gallery-icon landscape'>\n\t\t\t\t<a data-elementor-open-lightbox=\"yes\" data-elementor-lightbox-slideshow=\"831fb82\" data-elementor-lightbox-title=\"Icon-Nichtraucher-75\" e-action-hash=\"#elementor-action%3Aaction%3Dlightbox%26settings%3DeyJpZCI6MTMxLCJ1cmwiOiJodHRwOlwvXC9iZWQtYW5kLWJyZWFrZmFzdC1mcmVpYmVyZy5kZVwvd3AtY29udGVudFwvdXBsb2Fkc1wvMjAxOFwvMDRcL0ljb24tTmljaHRyYXVjaGVyLTc1LmpwZyIsInNsaWRlc2hvdyI6IjgzMWZiODIifQ%3D%3D\" href='http:\/\/bed-and-breakfast-freiberg.de\/wp-content\/uploads\/2018\/04\/Icon-Nichtraucher-75.jpg'><img width=\"75\" height=\"75\" src=\"http:\/\/bed-and-breakfast-freiberg.de\/wp-content\/uploads\/2018\/04\/Icon-Nichtraucher-75.jpg\" class=\"attachment-thumbnail size-thumbnail\" alt=\"\" loading=\"lazy\" aria-describedby=\"gallery-1-131\" \/><\/a>\n\t\t\t<\/div>\n\t\t\t\t<figcaption class='wp-caption-text gallery-caption' id='gallery-1-131'>\n\t\t\t\tNichtraucher\n\t\t\t\t<\/figcaption><\/figure><figure class='gallery-item'>\n\t\t\t<div class='gallery-icon landscape'>\n\t\t\t\t<a data-elementor-open-lightbox=\"yes\" data-elementor-lightbox-slideshow=\"831fb82\" data-elementor-lightbox-title=\"Icon-Shower-75\" e-action-hash=\"#elementor-action%3Aaction%3Dlightbox%26settings%3DeyJpZCI6MTM0LCJ1cmwiOiJodHRwOlwvXC9iZWQtYW5kLWJyZWFrZmFzdC1mcmVpYmVyZy5kZVwvd3AtY29udGVudFwvdXBsb2Fkc1wvMjAxOFwvMDRcL0ljb24tU2hvd2VyLTc1LmpwZyIsInNsaWRlc2hvdyI6IjgzMWZiODIifQ%3D%3D\" href='http:\/\/bed-and-breakfast-freiberg.de\/wp-content\/uploads\/2018\/04\/Icon-Shower-75.jpg'><img width=\"75\" height=\"75\" src=\"http:\/\/bed-and-breakfast-freiberg.de\/wp-content\/uploads\/2018\/04\/Icon-Shower-75.jpg\" class=\"attachment-thumbnail size-thumbnail\" alt=\"\" loading=\"lazy\" aria-describedby=\"gallery-1-134\" \/><\/a>\n\t\t\t<\/div>\n\t\t\t\t<figcaption class='wp-caption-text gallery-caption' id='gallery-1-134'>\n\t\t\t\tDusche\/WC\n\t\t\t\t<\/figcaption><\/figure><figure class='gallery-item'>\n\t\t\t<div class='gallery-icon landscape'>\n\t\t\t\t<a data-elementor-open-lightbox=\"yes\" data-elementor-lightbox-slideshow=\"831fb82\" data-elementor-lightbox-title=\"Icon-TV-75\" e-action-hash=\"#elementor-action%3Aaction%3Dlightbox%26settings%3DeyJpZCI6MTM2LCJ1cmwiOiJodHRwOlwvXC9iZWQtYW5kLWJyZWFrZmFzdC1mcmVpYmVyZy5kZVwvd3AtY29udGVudFwvdXBsb2Fkc1wvMjAxOFwvMDRcL0ljb24tVFYtNzUuanBnIiwic2xpZGVzaG93IjoiODMxZmI4MiJ9\" href='http:\/\/bed-and-breakfast-freiberg.de\/wp-content\/uploads\/2018\/04\/Icon-TV-75.jpg'><img width=\"75\" height=\"75\" src=\"http:\/\/bed-and-breakfast-freiberg.de\/wp-content\/uploads\/2018\/04\/Icon-TV-75.jpg\" class=\"attachment-thumbnail size-thumbnail\" alt=\"\" loading=\"lazy\" aria-describedby=\"gallery-1-136\" \/><\/a>\n\t\t\t<\/div>\n\t\t\t\t<figcaption class='wp-caption-text gallery-caption' id='gallery-1-136'>\n\t\t\t\tFlatscreen-TV\n\t\t\t\t<\/figcaption><\/figure><figure class='gallery-item'>\n\t\t\t<div class='gallery-icon landscape'>\n\t\t\t\t<a data-elementor-open-lightbox=\"yes\" data-elementor-lightbox-slideshow=\"831fb82\" data-elementor-lightbox-title=\"Icon-WLAN-75\" e-action-hash=\"#elementor-action%3Aaction%3Dlightbox%26settings%3DeyJpZCI6MTM4LCJ1cmwiOiJodHRwOlwvXC9iZWQtYW5kLWJyZWFrZmFzdC1mcmVpYmVyZy5kZVwvd3AtY29udGVudFwvdXBsb2Fkc1wvMjAxOFwvMDRcL0ljb24tV0xBTi03NS5qcGciLCJzbGlkZXNob3ciOiI4MzFmYjgyIn0%3D\" href='http:\/\/bed-and-breakfast-freiberg.de\/wp-content\/uploads\/2018\/04\/Icon-WLAN-75.jpg'><img width=\"75\" height=\"75\" src=\"http:\/\/bed-and-breakfast-freiberg.de\/wp-content\/uploads\/2018\/04\/Icon-WLAN-75.jpg\" class=\"attachment-thumbnail size-thumbnail\" alt=\"\" loading=\"lazy\" aria-describedby=\"gallery-1-138\" \/><\/a>\n\t\t\t<\/div>\n\t\t\t\t<figcaption class='wp-caption-text gallery-caption' id='gallery-1-138'>\n\t\t\t\tWLAN im Zimmer\n\t\t\t\t<\/figcaption><\/figure><figure class='gallery-item'>\n\t\t\t<div class='gallery-icon landscape'>\n\t\t\t\t<a data-elementor-open-lightbox=\"yes\" data-elementor-lightbox-slideshow=\"831fb82\" data-elementor-lightbox-title=\"Icon-Safe-75\" e-action-hash=\"#elementor-action%3Aaction%3Dlightbox%26settings%3DeyJpZCI6MTMzLCJ1cmwiOiJodHRwOlwvXC9iZWQtYW5kLWJyZWFrZmFzdC1mcmVpYmVyZy5kZVwvd3AtY29udGVudFwvdXBsb2Fkc1wvMjAxOFwvMDRcL0ljb24tU2FmZS03NS5qcGciLCJzbGlkZXNob3ciOiI4MzFmYjgyIn0%3D\" href='http:\/\/bed-and-breakfast-freiberg.de\/wp-content\/uploads\/2018\/04\/Icon-Safe-75.jpg'><img width=\"75\" height=\"75\" src=\"http:\/\/bed-and-breakfast-freiberg.de\/wp-content\/uploads\/2018\/04\/Icon-Safe-75.jpg\" class=\"attachment-thumbnail size-thumbnail\" alt=\"\" loading=\"lazy\" aria-describedby=\"gallery-1-133\" \/><\/a>\n\t\t\t<\/div>\n\t\t\t\t<figcaption class='wp-caption-text gallery-caption' id='gallery-1-133'>\n\t\t\t\tSafe im Zimmer\n\t\t\t\t<\/figcaption><\/figure><figure class='gallery-item'>\n\t\t\t<div class='gallery-icon landscape'>\n\t\t\t\t<a data-elementor-open-lightbox=\"yes\" data-elementor-lightbox-slideshow=\"831fb82\" data-elementor-lightbox-title=\"Icon-Parkplatz-75\" e-action-hash=\"#elementor-action%3Aaction%3Dlightbox%26settings%3DeyJpZCI6MTMyLCJ1cmwiOiJodHRwOlwvXC9iZWQtYW5kLWJyZWFrZmFzdC1mcmVpYmVyZy5kZVwvd3AtY29udGVudFwvdXBsb2Fkc1wvMjAxOFwvMDRcL0ljb24tUGFya3BsYXR6LTc1LmpwZyIsInNsaWRlc2hvdyI6IjgzMWZiODIifQ%3D%3D\" href='http:\/\/bed-and-breakfast-freiberg.de\/wp-content\/uploads\/2018\/04\/Icon-Parkplatz-75.jpg'><img width=\"75\" height=\"75\" src=\"http:\/\/bed-and-breakfast-freiberg.de\/wp-content\/uploads\/2018\/04\/Icon-Parkplatz-75.jpg\" class=\"attachment-thumbnail size-thumbnail\" alt=\"\" loading=\"lazy\" aria-describedby=\"gallery-1-132\" \/><\/a>\n\t\t\t<\/div>\n\t\t\t\t<figcaption class='wp-caption-text gallery-caption' id='gallery-1-132'>\n\t\t\t\tPrivater Parkplatz\n\t\t\t\t<\/figcaption><\/figure><figure class='gallery-item'>\n\t\t\t<div class='gallery-icon landscape'>\n\t\t\t\t<a data-elementor-open-lightbox=\"yes\" data-elementor-lightbox-slideshow=\"831fb82\" data-elementor-lightbox-title=\"Icon-Garten-75\" e-action-hash=\"#elementor-action%3Aaction%3Dlightbox%26settings%3DeyJpZCI6MTI4LCJ1cmwiOiJodHRwOlwvXC9iZWQtYW5kLWJyZWFrZmFzdC1mcmVpYmVyZy5kZVwvd3AtY29udGVudFwvdXBsb2Fkc1wvMjAxOFwvMDRcL0ljb24tR2FydGVuLTc1LmpwZyIsInNsaWRlc2hvdyI6IjgzMWZiODIifQ%3D%3D\" href='http:\/\/bed-and-breakfast-freiberg.de\/wp-content\/uploads\/2018\/04\/Icon-Garten-75.jpg'><img width=\"75\" height=\"75\" src=\"http:\/\/bed-and-breakfast-freiberg.de\/wp-content\/uploads\/2018\/04\/Icon-Garten-75.jpg\" class=\"attachment-thumbnail size-thumbnail\" alt=\"\" loading=\"lazy\" aria-describedby=\"gallery-1-128\" \/><\/a>\n\t\t\t<\/div>\n\t\t\t\t<figcaption class='wp-caption-text gallery-caption' id='gallery-1-128'>\n\t\t\t\tPrivater Garten\n\t\t\t\t<\/figcaption><\/figure><figure class='gallery-item'>\n\t\t\t<div class='gallery-icon landscape'>\n\t\t\t\t<a data-elementor-open-lightbox=\"yes\" data-elementor-lightbox-slideshow=\"831fb82\" data-elementor-lightbox-title=\"Icon-CreditCard-75\" e-action-hash=\"#elementor-action%3Aaction%3Dlightbox%26settings%3DeyJpZCI6MTI1LCJ1cmwiOiJodHRwOlwvXC9iZWQtYW5kLWJyZWFrZmFzdC1mcmVpYmVyZy5kZVwvd3AtY29udGVudFwvdXBsb2Fkc1wvMjAxOFwvMDRcL0ljb24tQ3JlZGl0Q2FyZC03NS5qcGciLCJzbGlkZXNob3ciOiI4MzFmYjgyIn0%3D\" href='http:\/\/bed-and-breakfast-freiberg.de\/wp-content\/uploads\/2018\/04\/Icon-CreditCard-75.jpg'><img width=\"75\" height=\"75\" src=\"http:\/\/bed-and-breakfast-freiberg.de\/wp-content\/uploads\/2018\/04\/Icon-CreditCard-75.jpg\" class=\"attachment-thumbnail size-thumbnail\" alt=\"\" loading=\"lazy\" aria-describedby=\"gallery-1-125\" \/><\/a>\n\t\t\t<\/div>\n\t\t\t\t<figcaption class='wp-caption-text gallery-caption' id='gallery-1-125'>\n\t\t\t\tKartenzahlung\n\t\t\t\t<\/figcaption><\/figure>\n\t\t<\/div>\n\t\t<\/div>\n\t\t\t\t<\/div>\n\t\t\t\t<\/div>\n\t\t\t\t\t\t<\/div>\n\t\t\t\t\t<\/div>\n\t\t<\/div>\n\t\t\t\t\t\t\t\t<\/div>\n\t\t\t\t\t<\/div>\n\t\t<\/section>\n\t\t\t\t<section class=\"elementor-section elementor-top-section elementor-element elementor-element-0758607 elementor-section-boxed elementor-section-height-default elementor-section-height-default\" data-id=\"0758607\" data-element_type=\"section\">\n\t\t\t\t\t\t<div class=\"elementor-container elementor-column-gap-default\">\n\t\t\t\t\t\t\t<div class=\"elementor-row\">\n\t\t\t\t\t<div class=\"elementor-column elementor-col-100 elementor-top-column elementor-element elementor-element-0bf379b\" data-id=\"0bf379b\" data-element_type=\"column\">\n\t\t\t<div class=\"elementor-column-wrap elementor-element-populated\">\n\t\t\t\t\t\t\t<div class=\"elementor-widget-wrap\">\n\t\t\t\t\t\t<div class=\"elementor-element elementor-element-ec18f39 elementor-widget elementor-widget-text-editor\" data-id=\"ec18f39\" data-element_type=\"widget\" data-widget_type=\"text-editor.default\">\n\t\t\t\t<div class=\"elementor-widget-container\">\n\t\t\t\t\t\t\t\t<div class=\"elementor-text-editor elementor-clearfix\">\n\t\t\t\t<p>Bitte f\u00fchlen Sie sich wie zu Hause. Wenn Sie in Freiberg eintreffen, erwarten Sie komfortable und ger\u00e4umige Apartments (33 bis 39 qm), mit Teek\u00fcche und z.T. separatem Wohn- und Schlafbereich. Eines unserer Apartments verf\u00fcgt \u00fcber die M\u00f6glichkeit einer Aufbettung f\u00fcr bis zu drei G\u00e4ste. F\u00fcr ein anderes Apartment kann ein zus\u00e4tzliches Zimmer (mit eigenem Bad) dazugebucht werden.<\/p><p>\u00a0F\u00fcr kleine G\u00e4ste sind Kinderbett und Hochstuhl vorhanden.<\/p><p>Beide Apartments verf\u00fcgen \u00fcber WLAN,\u00a0 Flatscreen-TV, Badezimmer mit Dusche und WC sowie alles Notwendige f\u00fcr eine gute Tasse Kaffee oder Tee. Sie haben zudem eine Teek\u00fcche mit Mikrowelle, Sp\u00fcle und Geschirr.\u00a0<\/p><p>Und nach einer angenehmen und ruhigen Nacht k\u00f6nnen Sie sich in ihrer Teek\u00fcche ein individuelles Fr\u00fchst\u00fcck zubereiten &#8211; B\u00e4cker und Lebensmittelgesch\u00e4ft sind fu\u00dfl\u00e4ufig in wenigen Minuten erreichbar.<\/p>\t\t\t\t\t<\/div>\n\t\t\t\t\t\t<\/div>\n\t\t\t\t<\/div>\n\t\t\t\t\t\t<\/div>\n\t\t\t\t\t<\/div>\n\t\t<\/div>\n\t\t\t\t\t\t\t\t<\/div>\n\t\t\t\t\t<\/div>\n\t\t<\/section>\n\t\t\t\t\t\t\t\t\t<\/div>\n\t\t\t<\/div>\n\t\t\t\t\t<\/div>\n\t\t","protected":false},"excerpt":{"rendered":"<p>Zweibettzimmer Einzelzimmer Nichtraucher Dusche\/WC Flatscreen-TV WLAN im Zimmer Safe im Zimmer Privater Parkplatz Privater Garten Kartenzahlung Bitte f\u00fchlen Sie sich wie zu Hause. Wenn Sie in Freiberg eintreffen, erwarten Sie komfortable und ger\u00e4umige Apartments (33 bis 39 qm), mit Teek\u00fcche und z.T. separatem Wohn- und Schlafbereich. Eines unserer Apartments verf\u00fcgt \u00fcber die M\u00f6glichkeit einer Aufbettung &hellip; <a href=\"http:\/\/bed-and-breakfast-freiberg.de\/?page_id=41\" class=\"more-link\"><span class=\"screen-reader-text\">\u201e\u00dcbernachten\u201c<\/span> weiterlesen<\/a><\/p>\n","protected":false},"author":1,"featured_media":0,"parent":4,"menu_order":2,"comment_status":"closed","ping_status":"closed","template":"","meta":[],"_links":{"self":[{"href":"http:\/\/bed-and-breakfast-freiberg.de\/index.php?rest_route=\/wp\/v2\/pages\/41"}],"collection":[{"href":"http:\/\/bed-and-breakfast-freiberg.de\/index.php?rest_route=\/wp\/v2\/pages"}],"about":[{"href":"http:\/\/bed-and-breakfast-freiberg.de\/index.php?rest_route=\/wp\/v2\/types\/page"}],"author":[{"embeddable":true,"href":"http:\/\/bed-and-breakfast-freiberg.de\/index.php?rest_route=\/wp\/v2\/users\/1"}],"replies":[{"embeddable":true,"href":"http:\/\/bed-and-breakfast-freiberg.de\/index.php?rest_route=%2Fwp%2Fv2%2Fcomments&post=41"}],"version-history":[{"count":31,"href":"http:\/\/bed-and-breakfast-freiberg.de\/index.php?rest_route=\/wp\/v2\/pages\/41\/revisions"}],"predecessor-version":[{"id":586,"href":"http:\/\/bed-and-breakfast-freiberg.de\/index.php?rest_route=\/wp\/v2\/pages\/41\/revisions\/586"}],"up":[{"embeddable":true,"href":"http:\/\/bed-and-breakfast-freiberg.de\/index.php?rest_route=\/wp\/v2\/pages\/4"}],"wp:attachment":[{"href":"http:\/\/bed-and-breakfast-freiberg.de\/index.php?rest_route=%2Fwp%2Fv2%2Fmedia&parent=41"}],"curies":[{"name":"wp","href":"https:\/\/api.w.org\/{rel}","templated":true}]}}