{"id":64,"date":"2018-04-08T00:25:56","date_gmt":"2018-04-07T22:25:56","guid":{"rendered":"http:\/\/bed-and-breakfast-freiberg.de\/?page_id=64"},"modified":"2022-06-11T17:09:23","modified_gmt":"2022-06-11T15:09:23","slug":"impressum","status":"publish","type":"page","link":"http:\/\/bed-and-breakfast-freiberg.de\/?page_id=64","title":{"rendered":"Impressum"},"content":{"rendered":"<p>Die nachstehenden Informationen enthalten die gesetzlich vorgesehenen Pflichtangaben zur Anbieterkennzeichnung sowie wichtige rechtliche Hinweise<\/p>\n<p>Anbieter dieser Internetpr\u00e4senz ist im Rechtssinne:<br \/>\nS. und C. Uhrlau, Obergasse 24, 09599 Freiberg, Tel. 03731-77 42 97 \u00a0 \u00a0FAX 77 42 95<br \/>\nInternet <a href=\"http:\/\/bed-and-breakfast-freiberg.de\/\">http:\/\/www.bed-and-breakfast-freiberg<\/a>.de<br \/>\neMail: anfrage@bed-and-breakfast-freiberg.de<\/p>\n<p>St.-Nr. 220\/283\/00577 FA Freiberg<\/p>\n<p>Rechtliche Hinweise zur Haftung \/ Disclaimer:<br \/>\nDer Webseiten-Inhaber ist um Richtigkeit und Aktualit\u00e4t der auf dieser Internetpr\u00e4senz bereitgestellten Informationen bem\u00fcht. Trotzdem k\u00f6nnen Fehler und Unklarheiten nicht vollst\u00e4ndig ausgeschlossen werden. Der Anbieter \u00fcbernimmt deshalb keine Gew\u00e4hr f\u00fcr die Aktualit\u00e4t, Richtigkeit, Vollst\u00e4ndigkeit oder Qualit\u00e4t der bereitgestellten Informationen. F\u00fcr Sch\u00e4den materieller oder immaterieller Art, die durch die Nutzung oder Nichtnutzung der dargebotenen Informationen bzw. durch die Nutzung fehlerhafter und unvollst\u00e4ndiger Informationen unmittelbar oder mittelbar verursacht werden, haftet der Anbieter nicht, sofern ihr nicht nachweislich vors\u00e4tzliches oder grob fahrl\u00e4ssiges Verschulden zur Last f\u00e4llt. Gleiches gilt f\u00fcr kostenlos zum Download bereitgehaltene Software. Der Anbieter beh\u00e4lt es sich vor, Teile des Internetangebots oder das gesamte Angebot ohne gesonderte Ank\u00fcndigung zu ver\u00e4ndern, zu erg\u00e4nzen, zu l\u00f6schen oder die Ver\u00f6ffentlichung zeitweise oder endg\u00fcltig einzustellen. Die Verantwortlichkeit f\u00fcr &#8222;fremde Inhalte&#8220;, die beispielsweise durch direkte oder indirekte Verkn\u00fcpfungen (z.B. sogenannte &#8222;Links&#8220;) zu anderen Anbietern bereitgehalten werden, setzt unter anderem positive Kenntnis des rechtswidrigen bzw. strafbaren Inhaltes voraus. &#8222;Fremde Inhalte&#8220; sind in geeigneter Weise gekennzeichnet. Der Anbieter hat auf &#8222;fremde Inhalte&#8220; keinerlei Einfluss und macht sich diese Inhalte auch nicht zu Eigen. Der Anbieter hat keine positive Kenntnis \u00fcber rechtswidrige oder anst\u00f6\u00dfige Inhalte auf den verkn\u00fcpften Seiten fremder Anbieter. Sollten auf den verkn\u00fcpften Seiten fremder Anbieter dennoch rechtswidrige oder anst\u00f6\u00dfige Inhalte enthalten sein, so distanziert sich der Anbieter von diesen Inhalten ausdr\u00fccklich.<\/p>\n<p>Rechtliche Hinweise zum Datenschutz gem\u00e4\u00df Art. 13 EU-DSGVO:<\/p>\n<p>Die Nutzung unserer Seite ist ohne eine Angabe von personenbezogenen Daten m\u00f6glich. Wenn Sie \u00fcber unser Kontaktformular eine Buchungsanfrage senden, wwerden ihre pers\u00f6nlichen Daten\u00a0 nach\u00a0 Ende ihres Aufenthaltes von uns gel\u00f6scht. Wenn Sie keine Buchung vornehmen, l\u00f6schen wir die \u00fcbersandten Daten nach Ablauf der Reservierungszeit. Wenn Sie eine fr\u00fchere L\u00f6schung Ihrer Daten w\u00fcnschen, reicht eine kurze Nachricht per Mail.\u00a0 Die Rechte der Betroffenen nach EU-DSGV werden von uns gem\u00e4\u00df dieser Bestimmung gewahrt.\u00a0 Auf\u00a0 Anfrage erhalten Sie alle w\u00e4hrend dder Reservierungsanfrage gespeicherten personenbezogenen Daten sowie das L\u00f6schungsdatum genannt.<\/p>\n<p>Personenbezogene Daten (z.B. Name, Anschrift, E-Mail, Telefonnummer, u.\u00e4.) werden von uns nur gem\u00e4\u00df den Bestimmungen der\u00a0 europ\u00e4ischen Datenschutzgrundverordnung (EU-DSGVO) und deutscher Gesetze verarbeitet. Daten sind dann personenbezogen, wenn sie eindeutig einer bestimmten nat\u00fcrlichen Person zugeordnet werden k\u00f6nnen. Die rechtlichen Grundlagen des Datenschutzes finden Sie im Bundesdatenschutzgesetz (BDSG) und dem Telemediengesetz (TMG). Wir verarbeiten Daten gem\u00e4\u00df der\u00a0 europ\u00e4ischen Datenschutz-Grundverordnung (EU-DSGVO). Bei Fragen wenden Sie sich bitte an unseren Datenschutzbeauftragten (<a href=\"mailto:dsb@bed-and-breakfast-freiberg,de\">dsb@bed-and-breakfast-freiberg<\/a>.de)<\/p>\n<p>Rechtliche Hinweise zum Urheberrecht:<br \/>\nDas Layout der Homepage, die verwendeten Grafiken sowie die sonstigen Inhalte sind urheberrechtlich gesch\u00fctzt. Der Inhalt einer jeden Seite ist geistiges Eigentum der Anbieter dieser Webseite und darf nicht ohne ausdr\u00fcckliche Genehmigung weiterverwendet oder kopiert werden<\/p>\n","protected":false},"excerpt":{"rendered":"<p>Die nachstehenden Informationen enthalten die gesetzlich vorgesehenen Pflichtangaben zur Anbieterkennzeichnung sowie wichtige rechtliche Hinweise Anbieter dieser Internetpr\u00e4senz ist im Rechtssinne: S. und C. Uhrlau, Obergasse 24, 09599 Freiberg, Tel. 03731-77 42 97 \u00a0 \u00a0FAX 77 42 95 Internet http:\/\/www.bed-and-breakfast-freiberg.de eMail: anfrage@bed-and-breakfast-freiberg.de St.-Nr. 220\/283\/00577 FA Freiberg Rechtliche Hinweise zur Haftung \/ Disclaimer: Der Webseiten-Inhaber ist um &hellip; <a href=\"http:\/\/bed-and-breakfast-freiberg.de\/?page_id=64\" class=\"more-link\"><span class=\"screen-reader-text\">\u201eImpressum\u201c<\/span> weiterlesen<\/a><\/p>\n","protected":false},"author":1,"featured_media":0,"parent":0,"menu_order":0,"comment_status":"closed","ping_status":"closed","template":"","meta":[],"_links":{"self":[{"href":"http:\/\/bed-and-breakfast-freiberg.de\/index.php?rest_route=\/wp\/v2\/pages\/64"}],"collection":[{"href":"http:\/\/bed-and-breakfast-freiberg.de\/index.php?rest_route=\/wp\/v2\/pages"}],"about":[{"href":"http:\/\/bed-and-breakfast-freiberg.de\/index.php?rest_route=\/wp\/v2\/types\/page"}],"author":[{"embeddable":true,"href":"http:\/\/bed-and-breakfast-freiberg.de\/index.php?rest_route=\/wp\/v2\/users\/1"}],"replies":[{"embeddable":true,"href":"http:\/\/bed-and-breakfast-freiberg.de\/index.php?rest_route=%2Fwp%2Fv2%2Fcomments&post=64"}],"version-history":[{"count":5,"href":"http:\/\/bed-and-breakfast-freiberg.de\/index.php?rest_route=\/wp\/v2\/pages\/64\/revisions"}],"predecessor-version":[{"id":549,"href":"http:\/\/bed-and-breakfast-freiberg.de\/index.php?rest_route=\/wp\/v2\/pages\/64\/revisions\/549"}],"wp:attachment":[{"href":"http:\/\/bed-and-breakfast-freiberg.de\/index.php?rest_route=%2Fwp%2Fv2%2Fmedia&parent=64"}],"curies":[{"name":"wp","href":"https:\/\/api.w.org\/{rel}","templated":true}]}}